{"id":14,"date":"2018-03-06T11:02:24","date_gmt":"2018-03-06T11:02:24","guid":{"rendered":"http:\/\/anwalt.mikado-themes.com\/?page_id=14"},"modified":"2022-09-22T10:10:17","modified_gmt":"2022-09-22T10:10:17","slug":"about-me","status":"publish","type":"page","link":"https:\/\/bhj-ac.com\/?page_id=14","title":{"rendered":"A propos"},"content":{"rendered":"<p>[vc_row row_content_width=&#8221;grid&#8221;][vc_column]<div class=\"mkdf-elements-holder   mkdf-two-columns  mkdf-responsive-mode-1024 \" ><div class=\"mkdf-eh-item     \"  data-item-class=\"mkdf-eh-custom-5066\" data-1024-1366=\"0% 7% 4.4% 8%\" data-768-1024=\"103px 133px 0px\" data-680-768=\"103px 53px 0px\" data-680=\"101px 0% 0px\">\n\t<div class=\"mkdf-eh-item-inner\">\n\t\t<div class=\"mkdf-eh-item-content mkdf-eh-custom-5066\" style=\"padding: 0 12% 4% 12%\">\n\t\t\t[vc_column_text]<\/p>\n<h2>Qui sommes-nous ?<\/h2>\n<p>[\/vc_column_text][vc_column_text]<strong>BHJ Audit &amp; Consulting<\/strong> est un cabinet d\u2019audit et fiscalit\u00e9 qui \u0153uvre au succ\u00e8s des organisations et des entreprises. Cr\u00e9e depuis 2018, le cabinet est compos\u00e9 d\u2019experts passionn\u00e9s en\u00a0 comptabilit\u00e9, audit et conseils en mati\u00e8re de fiscalit\u00e9.<\/p>\n<p>&nbsp;<\/p>\n<p>Intervenant dans le secteur priv\u00e9 et le secteur public, <strong>BHJ Audit &amp; Consulting<\/strong> s\u2019engage avant tout \u00e0 comprendre les r\u00e9alit\u00e9s de chacun de ses clients afin de renforcer la confiance de leurs march\u00e9s financiers tout en travaillant conjointement avec ceux-ci.[\/vc_column_text][vc_empty_space height=&#8221;22px&#8221;]\t\t<\/div>\n\t<\/div>\n<\/div><div class=\"mkdf-eh-item   mkdf-horizontal-alignment-right  \"  data-item-class=\"mkdf-eh-custom-1400\" data-1024-1366=\"140px 8%\" data-768-1024=\"70px 133px 140px\" data-680-768=\"70px 53px 140px\" data-680=\"70px 0% 140px\">\n\t<div class=\"mkdf-eh-item-inner\">\n\t\t<div class=\"mkdf-eh-item-content mkdf-eh-custom-1400\" style=\"padding: 140px 12%\">\n\t\t\t<div class=\"mkdf-single-image-holder   \">\n    <div class=\"mkdf-si-inner\" >\n                                    <img loading=\"lazy\" decoding=\"async\" width=\"800\" height=\"492\" src=\"https:\/\/bhj-ac.com\/wp-content\/uploads\/2022\/09\/qiud.jpg\" class=\"attachment-full size-full\" alt=\"\" srcset=\"https:\/\/bhj-ac.com\/wp-content\/uploads\/2022\/09\/qiud.jpg 800w, https:\/\/bhj-ac.com\/wp-content\/uploads\/2022\/09\/qiud-600x369.jpg 600w, https:\/\/bhj-ac.com\/wp-content\/uploads\/2022\/09\/qiud-300x185.jpg 300w, https:\/\/bhj-ac.com\/wp-content\/uploads\/2022\/09\/qiud-768x472.jpg 768w\" sizes=\"auto, (max-width: 800px) 100vw, 800px\" \/>                        <\/div>\n<\/div>\t\t<\/div>\n\t<\/div>\n<\/div><\/div>[\/vc_column][\/vc_row][vc_row row_content_width=&#8221;grid&#8221; css=&#8221;.vc_custom_1520942428189{padding-top: 105px !important;padding-bottom: 116px !important;}&#8221; parallax_background_image=&#8221;1257&#8243;][vc_column width=&#8221;1\/2&#8243; offset=&#8221;vc_col-lg-3 vc_col-md-6&#8243;][vc_column_text]<\/p>\n<h5><span style=\"color: #ffffff;\">Audit<\/span><\/h5>\n<p>[\/vc_column_text][vc_empty_space height=&#8221;29px&#8221;]<div class=\"mkdf-icon-list-holder \" style=\"margin-bottom: 17px\">\n\t<div class=\"mkdf-il-icon-holder\">\n\t\t<i class=\"mkdf-icon-font-awesome fa fa-circle \" style=\"color: #ffffff;font-size: 6px\"><\/i>\t<\/div>\n\t<p class=\"mkdf-il-text\" style=\"color: #ffffff\">Audit des comptes annuels<\/p>\n<\/div><div class=\"mkdf-icon-list-holder \" style=\"margin-bottom: 17px\">\n\t<div class=\"mkdf-il-icon-holder\">\n\t\t<i class=\"mkdf-icon-font-awesome fa fa-circle \" style=\"color: #ffffff;font-size: 6px\"><\/i>\t<\/div>\n\t<p class=\"mkdf-il-text\" style=\"color: #ffffff\">D\u00e9tection des fraudes<\/p>\n<\/div><div class=\"mkdf-icon-list-holder \" style=\"margin-bottom: 17px\">\n\t<div class=\"mkdf-il-icon-holder\">\n\t\t<i class=\"mkdf-icon-font-awesome fa fa-circle \" style=\"color: #ffffff;font-size: 6px\"><\/i>\t<\/div>\n\t<p class=\"mkdf-il-text\" style=\"color: #ffffff\">D&#039;acquisition<\/p>\n<\/div><div class=\"mkdf-icon-list-holder \" style=\"margin-bottom: 17px\">\n\t<div class=\"mkdf-il-icon-holder\">\n\t\t<i class=\"mkdf-icon-font-awesome fa fa-circle \" style=\"color: #ffffff;font-size: 6px\"><\/i>\t<\/div>\n\t<p class=\"mkdf-il-text\" style=\"color: #ffffff\">Projet de d\u00e9veloppement<\/p>\n<\/div><div class=\"mkdf-icon-list-holder \" style=\"margin-bottom: 17px\">\n\t<div class=\"mkdf-il-icon-holder\">\n\t\t<i class=\"mkdf-icon-font-awesome fa fa-circle \" style=\"color: #ffffff;font-size: 6px\"><\/i>\t<\/div>\n\t<p class=\"mkdf-il-text\" style=\"color: #ffffff\">Des comptes pr\u00e9visionnels<\/p>\n<\/div><div class=\"mkdf-icon-list-holder \" style=\"margin-bottom: 17px\">\n\t<div class=\"mkdf-il-icon-holder\">\n\t\t<i class=\"mkdf-icon-font-awesome fa fa-circle \" style=\"color: #ffffff;font-size: 6px\"><\/i>\t<\/div>\n\t<p class=\"mkdf-il-text\" style=\"color: #ffffff\">Des comptes interm\u00e9diaires<\/p>\n<\/div><div class=\"mkdf-icon-list-holder \" style=\"margin-bottom: 17px\">\n\t<div class=\"mkdf-il-icon-holder\">\n\t\t<i class=\"mkdf-icon-font-awesome fa fa-circle \" style=\"color: #ffffff;font-size: 6px\"><\/i>\t<\/div>\n\t<p class=\"mkdf-il-text\" style=\"color: #ffffff\">D&#039;obtention de subventions<\/p>\n<\/div>[\/vc_column][vc_column width=&#8221;1\/2&#8243; offset=&#8221;vc_col-lg-3 vc_col-md-6&#8243;][vc_column_text]<\/p>\n<h5><span style=\"color: #ffffff;\">Conseil et Fiscalit\u00e9<\/span><\/h5>\n<p>[\/vc_column_text][vc_empty_space height=&#8221;29px&#8221;]<div class=\"mkdf-icon-list-holder \" style=\"margin-bottom: 17px\">\n\t<div class=\"mkdf-il-icon-holder\">\n\t\t<i class=\"mkdf-icon-font-awesome fa fa-circle \" style=\"color: #ffffff;font-size: 6px\"><\/i>\t<\/div>\n\t<p class=\"mkdf-il-text\" style=\"color: #ffffff\">Gouvernance d&#039;entreprise<\/p>\n<\/div><div class=\"mkdf-icon-list-holder \" style=\"margin-bottom: 17px\">\n\t<div class=\"mkdf-il-icon-holder\">\n\t\t<i class=\"mkdf-icon-font-awesome fa fa-circle \" style=\"color: #ffffff;font-size: 6px\"><\/i>\t<\/div>\n\t<p class=\"mkdf-il-text\" style=\"color: #ffffff\">\u00c9tudes \u00e9conomiques<\/p>\n<\/div><div class=\"mkdf-icon-list-holder \" style=\"margin-bottom: 17px\">\n\t<div class=\"mkdf-il-icon-holder\">\n\t\t<i class=\"mkdf-icon-font-awesome fa fa-circle \" style=\"color: #ffffff;font-size: 6px\"><\/i>\t<\/div>\n\t<p class=\"mkdf-il-text\" style=\"color: #ffffff\">Expertise judiciaire<\/p>\n<\/div><div class=\"mkdf-icon-list-holder \" style=\"margin-bottom: 17px\">\n\t<div class=\"mkdf-il-icon-holder\">\n\t\t<i class=\"mkdf-icon-font-awesome fa fa-circle \" style=\"color: #ffffff;font-size: 6px\"><\/i>\t<\/div>\n\t<p class=\"mkdf-il-text\" style=\"color: #ffffff\">\u00c9tudes \u00e9conomiques<\/p>\n<\/div><div class=\"mkdf-icon-list-holder \" style=\"margin-bottom: 17px\">\n\t<div class=\"mkdf-il-icon-holder\">\n\t\t<i class=\"mkdf-icon-font-awesome fa fa-circle \" style=\"color: #ffffff;font-size: 6px\"><\/i>\t<\/div>\n\t<p class=\"mkdf-il-text\" style=\"color: #ffffff\">\u00c9tudes \u00e9conomiques<\/p>\n<\/div>[\/vc_column][vc_column width=&#8221;1\/2&#8243; offset=&#8221;vc_col-lg-3 vc_col-md-6&#8243;][vc_column_text]<\/p>\n<h5><span style=\"color: #ffffff;\">Assistance comptable<\/span><\/h5>\n<p>[\/vc_column_text][vc_empty_space height=&#8221;29px&#8221;]<div class=\"mkdf-icon-list-holder \" style=\"margin-bottom: 17px\">\n\t<div class=\"mkdf-il-icon-holder\">\n\t\t<i class=\"mkdf-icon-font-awesome fa fa-circle \" style=\"color: #ffffff;font-size: 6px\"><\/i>\t<\/div>\n\t<p class=\"mkdf-il-text\" style=\"color: #ffffff\">Audit Interne<\/p>\n<\/div><div class=\"mkdf-icon-list-holder \" style=\"margin-bottom: 17px\">\n\t<div class=\"mkdf-il-icon-holder\">\n\t\t<i class=\"mkdf-icon-font-awesome fa fa-circle \" style=\"color: #ffffff;font-size: 6px\"><\/i>\t<\/div>\n\t<p class=\"mkdf-il-text\" style=\"color: #ffffff\">Contr\u00f4le interne<\/p>\n<\/div><div class=\"mkdf-icon-list-holder \" style=\"margin-bottom: 17px\">\n\t<div class=\"mkdf-il-icon-holder\">\n\t\t<i class=\"mkdf-icon-font-awesome fa fa-circle \" style=\"color: #ffffff;font-size: 6px\"><\/i>\t<\/div>\n\t<p class=\"mkdf-il-text\" style=\"color: #ffffff\">Contr\u00f4le interne<\/p>\n<\/div><div class=\"mkdf-icon-list-holder \" style=\"margin-bottom: 17px\">\n\t<div class=\"mkdf-il-icon-holder\">\n\t\t<i class=\"mkdf-icon-font-awesome fa fa-circle \" style=\"color: #ffffff;font-size: 6px\"><\/i>\t<\/div>\n\t<p class=\"mkdf-il-text\" style=\"color: #ffffff\">Contr\u00f4le interne<\/p>\n<\/div><div class=\"mkdf-icon-list-holder \" style=\"margin-bottom: 17px\">\n\t<div class=\"mkdf-il-icon-holder\">\n\t\t<i class=\"mkdf-icon-font-awesome fa fa-circle \" style=\"color: #ffffff;font-size: 6px\"><\/i>\t<\/div>\n\t<p class=\"mkdf-il-text\" style=\"color: #ffffff\">Contr\u00f4le interne<\/p>\n<\/div>[\/vc_column][vc_column width=&#8221;1\/2&#8243; offset=&#8221;vc_col-lg-3 vc_col-md-6&#8243;][vc_column_text]<\/p>\n<h5><span style=\"color: #ffffff;\">Formations<\/span><\/h5>\n<p>[\/vc_column_text][vc_empty_space height=&#8221;29px&#8221;]<div class=\"mkdf-icon-list-holder \" style=\"margin-bottom: 17px\">\n\t<div class=\"mkdf-il-icon-holder\">\n\t\t<i class=\"mkdf-icon-font-awesome fa fa-circle \" style=\"color: #ffffff;font-size: 6px\"><\/i>\t<\/div>\n\t<p class=\"mkdf-il-text\" style=\"color: #ffffff\">Elaboration de budget<\/p>\n<\/div><div class=\"mkdf-icon-list-holder \" style=\"margin-bottom: 17px\">\n\t<div class=\"mkdf-il-icon-holder\">\n\t\t<i class=\"mkdf-icon-font-awesome fa fa-circle \" style=\"color: #ffffff;font-size: 6px\"><\/i>\t<\/div>\n\t<p class=\"mkdf-il-text\" style=\"color: #ffffff\">D\u00e9ontologie et \u00e9thique<\/p>\n<\/div><div class=\"mkdf-icon-list-holder \" style=\"margin-bottom: 17px\">\n\t<div class=\"mkdf-il-icon-holder\">\n\t\t<i class=\"mkdf-icon-font-awesome fa fa-circle \" style=\"color: #ffffff;font-size: 6px\"><\/i>\t<\/div>\n\t<p class=\"mkdf-il-text\" style=\"color: #ffffff\">Strat\u00e9gie et restructuration<\/p>\n<\/div><div class=\"mkdf-icon-list-holder \" style=\"margin-bottom: 17px\">\n\t<div class=\"mkdf-il-icon-holder\">\n\t\t<i class=\"mkdf-icon-font-awesome fa fa-circle \" style=\"color: #ffffff;font-size: 6px\"><\/i>\t<\/div>\n\t<p class=\"mkdf-il-text\" style=\"color: #ffffff\">Gestion des risques<\/p>\n<\/div><div class=\"mkdf-icon-list-holder \" style=\"margin-bottom: 17px\">\n\t<div class=\"mkdf-il-icon-holder\">\n\t\t<i class=\"mkdf-icon-font-awesome fa fa-circle \" style=\"color: #ffffff;font-size: 6px\"><\/i>\t<\/div>\n\t<p class=\"mkdf-il-text\" style=\"color: #ffffff\">Partenariat Public-Priv\u00e9<\/p>\n<\/div>[\/vc_column][\/vc_row]<\/p>\n","protected":false},"excerpt":{"rendered":"<p>[vc_row row_content_width=&#8221;grid&#8221;][vc_column][\/vc_column][\/vc_row][vc_row row_content_width=&#8221;grid&#8221; css=&#8221;.vc_custom_1520942428189{padding-top: 105px !important;padding-bottom: 116px !important;}&#8221; parallax_background_image=&#8221;1257&#8243;][vc_column width=&#8221;1\/2&#8243; offset=&#8221;vc_col-lg-3 vc_col-md-6&#8243;][vc_column_text] Audit [\/vc_column_text][vc_empty_space height=&#8221;29px&#8221;][\/vc_column][vc_column width=&#8221;1\/2&#8243; offset=&#8221;vc_col-lg-3 vc_col-md-6&#8243;][vc_column_text] Conseil et Fiscalit\u00e9 [\/vc_column_text][vc_empty_space height=&#8221;29px&#8221;][\/vc_column][vc_column width=&#8221;1\/2&#8243; offset=&#8221;vc_col-lg-3 vc_col-md-6&#8243;][vc_column_text] Assistance comptable [\/vc_column_text][vc_empty_space height=&#8221;29px&#8221;][\/vc_column][vc_column width=&#8221;1\/2&#8243; offset=&#8221;vc_col-lg-3 vc_col-md-6&#8243;][vc_column_text] Formations [\/vc_column_text][vc_empty_space height=&#8221;29px&#8221;][\/vc_column][\/vc_row]<\/p>\n","protected":false},"author":1,"featured_media":0,"parent":0,"menu_order":0,"comment_status":"closed","ping_status":"closed","template":"full-width.php","meta":{"om_disable_all_campaigns":false,"_monsterinsights_skip_tracking":false,"_monsterinsights_sitenote_active":false,"_monsterinsights_sitenote_note":"","_monsterinsights_sitenote_category":0,"footnotes":""},"class_list":["post-14","page","type-page","status-publish","hentry"],"aioseo_notices":[],"_links":{"self":[{"href":"https:\/\/bhj-ac.com\/index.php?rest_route=\/wp\/v2\/pages\/14","targetHints":{"allow":["GET"]}}],"collection":[{"href":"https:\/\/bhj-ac.com\/index.php?rest_route=\/wp\/v2\/pages"}],"about":[{"href":"https:\/\/bhj-ac.com\/index.php?rest_route=\/wp\/v2\/types\/page"}],"author":[{"embeddable":true,"href":"https:\/\/bhj-ac.com\/index.php?rest_route=\/wp\/v2\/users\/1"}],"replies":[{"embeddable":true,"href":"https:\/\/bhj-ac.com\/index.php?rest_route=%2Fwp%2Fv2%2Fcomments&post=14"}],"version-history":[{"count":48,"href":"https:\/\/bhj-ac.com\/index.php?rest_route=\/wp\/v2\/pages\/14\/revisions"}],"predecessor-version":[{"id":3855,"href":"https:\/\/bhj-ac.com\/index.php?rest_route=\/wp\/v2\/pages\/14\/revisions\/3855"}],"wp:attachment":[{"href":"https:\/\/bhj-ac.com\/index.php?rest_route=%2Fwp%2Fv2%2Fmedia&parent=14"}],"curies":[{"name":"wp","href":"https:\/\/api.w.org\/{rel}","templated":true}]}}